{"id":53,"date":"2025-11-03T14:28:57","date_gmt":"2025-11-03T13:28:57","guid":{"rendered":"https:\/\/www.dengodaviljan.se\/?page_id=53"},"modified":"2025-11-12T10:02:01","modified_gmt":"2025-11-12T09:02:01","slug":"vart-arbetssatt","status":"publish","type":"page","link":"https:\/\/www.dengodaviljan.se\/index.php\/vart-arbetssatt\/","title":{"rendered":"V\u00e5rt arbetss\u00e4tt"},"content":{"rendered":"\n<p>Vi jobbar f\u00f6r att erbjuda den b\u00e4sta m\u00f6jliga omsorgen till varje enskild individ som bor hos oss. Vi har som m\u00e5ls\u00e4ttning att varje barn och ungdom ska f\u00e5 st\u00f6rsta m\u00f6jlighet att utveckla sin sj\u00e4lvst\u00e4ndighet i sin takt.<\/p>\n\n\n\n<p>Alla barn och ungdomar har b\u00e5de unika styrkor, behov och sv\u00e5righeter vilket vi b\u00f6rjar med att kartl\u00e4gga vilka dessa \u00e4r. Efter detta \u00e4r v\u00e5r ambition att anpassa varje metod och arbetss\u00e4tt efter varje enskild individ.<br>N\u00e5gra av v\u00e5ra grundl\u00e4ggande arbetss\u00e4tt \u00e4r: L\u00e5gaffektivt bem\u00f6tande, tydligg\u00f6rande pedagogik och alternativ och kompletterande kommunikation (AKK).<\/p>\n\n\n\n<p><strong>V\u00e5rt arbete grundar sig i fem grundpelare<\/strong><\/p>\n\n\n\n<p><strong>Inflytande &amp; delaktighet<\/strong><br>V\u00e5rt arbetss\u00e4tt bygger p\u00e5 att skapa ett delaktigt klimat d\u00e4r varje individ ges m\u00f6jlighet efter sin f\u00f6rm\u00e5ga att p\u00e5verka och bidra till sin utveckling. Detta g\u00f6r vi genom att vi bidrar till en \u00f6ppen kommunikation och lyssnar p\u00e5 individens perspektiv. Vi str\u00e4var efter att skapa en kultur av delaktighet och ansvarstagande, v\u00e5r \u00f6vertygelse \u00e4r att engagemanget och kvaliteten p\u00e5 omsorgen d\u00e5 f\u00f6rst\u00e4rks.&nbsp;<\/p>\n\n\n\n<p><strong>Tillg\u00e4nglighet<\/strong><br>V\u00e5rt arbetss\u00e4tt syftar till att skapa en tillg\u00e4nglig milj\u00f6 d\u00e4r varje individ ges m\u00f6jlighet att delta och bidra p\u00e5 lika villkor. Genom att anpassa v\u00e5ra metoder och resurser s\u00e4kerst\u00e4ller vi att allas behov tillgodoses, vilket fr\u00e4mjar \u00f6kad tillg\u00e4nglighet och delaktighet f\u00f6r alla.<\/p>\n\n\n\n<p><strong>Kontinuitet<\/strong><br>I v\u00e5rt arbetss\u00e4tt fokuserar vi p\u00e5 att skapa och uppr\u00e4tth\u00e5lla kontinuitet f\u00f6r varje individ genom att s\u00e4kerst\u00e4lla att denne m\u00f6ter samma lag\/personalgrupp p\u00e5 boendet. Detta tror vi m\u00f6jligg\u00f6r en mer personlig och anpassad omsorg, st\u00e4rker relationen och fr\u00e4mjar f\u00f6rtroende, vilket i sin tur leder till b\u00e4ttre f\u00f6rst\u00e5else f\u00f6r individens behov och utveckling.<\/p>\n\n\n\n<p><strong>Helhetssyn<\/strong><br>F\u00f6r oss inneb\u00e4r helhetssyn att se hela individens livssituation. Varje individ har starka och svaga sidor men v\u00e5r \u00f6vertygelse \u00e4r att ett beteende hos individen \u00e4r bara en liten del utav denne.<\/p>\n\n\n\n<p><\/p>\n","protected":false},"excerpt":{"rendered":"<p>Vi jobbar f\u00f6r att erbjuda den b\u00e4sta m\u00f6jliga omsorgen till varje enskild individ som bor hos oss. Vi har som m\u00e5ls\u00e4ttning att varje barn och ungdom ska f\u00e5 st\u00f6rsta m\u00f6jlighet att utveckla sin sj\u00e4lvst\u00e4ndighet i sin takt. Alla barn och ungdomar har b\u00e5de unika styrkor, behov och sv\u00e5righeter vilket vi b\u00f6rjar med att kartl\u00e4gga vilka [&hellip;]<\/p>\n","protected":false},"author":1,"featured_media":0,"parent":0,"menu_order":0,"comment_status":"closed","ping_status":"closed","template":"","meta":{"footnotes":""},"class_list":["post-53","page","type-page","status-publish","hentry"],"_links":{"self":[{"href":"https:\/\/www.dengodaviljan.se\/index.php\/wp-json\/wp\/v2\/pages\/53","targetHints":{"allow":["GET"]}}],"collection":[{"href":"https:\/\/www.dengodaviljan.se\/index.php\/wp-json\/wp\/v2\/pages"}],"about":[{"href":"https:\/\/www.dengodaviljan.se\/index.php\/wp-json\/wp\/v2\/types\/page"}],"author":[{"embeddable":true,"href":"https:\/\/www.dengodaviljan.se\/index.php\/wp-json\/wp\/v2\/users\/1"}],"replies":[{"embeddable":true,"href":"https:\/\/www.dengodaviljan.se\/index.php\/wp-json\/wp\/v2\/comments?post=53"}],"version-history":[{"count":2,"href":"https:\/\/www.dengodaviljan.se\/index.php\/wp-json\/wp\/v2\/pages\/53\/revisions"}],"predecessor-version":[{"id":91,"href":"https:\/\/www.dengodaviljan.se\/index.php\/wp-json\/wp\/v2\/pages\/53\/revisions\/91"}],"wp:attachment":[{"href":"https:\/\/www.dengodaviljan.se\/index.php\/wp-json\/wp\/v2\/media?parent=53"}],"curies":[{"name":"wp","href":"https:\/\/api.w.org\/{rel}","templated":true}]}}