{"id":47,"date":"2025-11-03T14:21:16","date_gmt":"2025-11-03T13:21:16","guid":{"rendered":"https:\/\/www.dengodaviljan.se\/?page_id=47"},"modified":"2025-11-20T15:57:08","modified_gmt":"2025-11-20T14:57:08","slug":"vart-boende","status":"publish","type":"page","link":"https:\/\/www.dengodaviljan.se\/index.php\/vart-boende\/","title":{"rendered":"V\u00e5rt boende"},"content":{"rendered":"\n<p>Bolagets ambition med L\u00e4rkans boende \u00e4r att anv\u00e4nda oss av \u00e5terbrukande material, d\u00e4rav \u00e4r boendet byggt p\u00e5 moduler och har en boendearea p\u00e5 ca 400 kvm. <\/p>\n\n\n\n<p>Boendet har fyra anpassade barn\/ungdoms rum, varje rum har tv\u00e5 normal stora rum och en egen toalett med dusch. Rummen \u00e4r bredvid vardagsrummet och personalrummet. K\u00f6ket \u00e4r rymligt och finns m\u00f6jlighet f\u00f6r en gemensam m\u00e5ltid.<\/p>\n\n\n\n<p><\/p>\n\n\n\n<p><\/p>\n\n\n\n<figure class=\"wp-block-gallery has-nested-images columns-default is-cropped wp-block-gallery-1 is-layout-flex wp-block-gallery-is-layout-flex\">\n<figure class=\"wp-block-image size-large\"><img loading=\"lazy\" decoding=\"async\" width=\"1024\" height=\"768\" data-id=\"102\" src=\"https:\/\/www.dengodaviljan.se\/wp-content\/uploads\/2025\/11\/Barn-1-1024x768.jpg\" alt=\"\" class=\"wp-image-102\" srcset=\"https:\/\/www.dengodaviljan.se\/wp-content\/uploads\/2025\/11\/Barn-1-1024x768.jpg 1024w, https:\/\/www.dengodaviljan.se\/wp-content\/uploads\/2025\/11\/Barn-1-300x225.jpg 300w, https:\/\/www.dengodaviljan.se\/wp-content\/uploads\/2025\/11\/Barn-1-768x576.jpg 768w, https:\/\/www.dengodaviljan.se\/wp-content\/uploads\/2025\/11\/Barn-1-1536x1152.jpg 1536w, https:\/\/www.dengodaviljan.se\/wp-content\/uploads\/2025\/11\/Barn-1-2048x1536.jpg 2048w\" sizes=\"auto, (max-width: 1024px) 100vw, 1024px\" \/><\/figure>\n\n\n\n<figure class=\"wp-block-image size-large\"><img loading=\"lazy\" decoding=\"async\" width=\"1024\" height=\"768\" data-id=\"100\" src=\"https:\/\/www.dengodaviljan.se\/wp-content\/uploads\/2025\/11\/kok-1024x768.jpg\" alt=\"\" class=\"wp-image-100\" srcset=\"https:\/\/www.dengodaviljan.se\/wp-content\/uploads\/2025\/11\/kok-1024x768.jpg 1024w, https:\/\/www.dengodaviljan.se\/wp-content\/uploads\/2025\/11\/kok-300x225.jpg 300w, https:\/\/www.dengodaviljan.se\/wp-content\/uploads\/2025\/11\/kok-768x576.jpg 768w, https:\/\/www.dengodaviljan.se\/wp-content\/uploads\/2025\/11\/kok-1536x1152.jpg 1536w, https:\/\/www.dengodaviljan.se\/wp-content\/uploads\/2025\/11\/kok-2048x1536.jpg 2048w\" sizes=\"auto, (max-width: 1024px) 100vw, 1024px\" \/><\/figure>\n\n\n\n<figure class=\"wp-block-image size-large\"><img loading=\"lazy\" decoding=\"async\" width=\"1024\" height=\"768\" data-id=\"101\" src=\"https:\/\/www.dengodaviljan.se\/wp-content\/uploads\/2025\/11\/Larkan-1-1024x768.jpeg\" alt=\"\" class=\"wp-image-101\" srcset=\"https:\/\/www.dengodaviljan.se\/wp-content\/uploads\/2025\/11\/Larkan-1-1024x768.jpeg 1024w, https:\/\/www.dengodaviljan.se\/wp-content\/uploads\/2025\/11\/Larkan-1-300x225.jpeg 300w, https:\/\/www.dengodaviljan.se\/wp-content\/uploads\/2025\/11\/Larkan-1-768x576.jpeg 768w, https:\/\/www.dengodaviljan.se\/wp-content\/uploads\/2025\/11\/Larkan-1-1536x1152.jpeg 1536w, https:\/\/www.dengodaviljan.se\/wp-content\/uploads\/2025\/11\/Larkan-1-2048x1536.jpeg 2048w\" sizes=\"auto, (max-width: 1024px) 100vw, 1024px\" \/><\/figure>\n\n\n\n<figure class=\"wp-block-image size-large\"><img loading=\"lazy\" decoding=\"async\" width=\"1024\" height=\"768\" data-id=\"99\" src=\"https:\/\/www.dengodaviljan.se\/wp-content\/uploads\/2025\/11\/vardagsrum-1024x768.jpg\" alt=\"\" class=\"wp-image-99\" srcset=\"https:\/\/www.dengodaviljan.se\/wp-content\/uploads\/2025\/11\/vardagsrum-1024x768.jpg 1024w, https:\/\/www.dengodaviljan.se\/wp-content\/uploads\/2025\/11\/vardagsrum-300x225.jpg 300w, https:\/\/www.dengodaviljan.se\/wp-content\/uploads\/2025\/11\/vardagsrum-768x576.jpg 768w, https:\/\/www.dengodaviljan.se\/wp-content\/uploads\/2025\/11\/vardagsrum-1536x1152.jpg 1536w, https:\/\/www.dengodaviljan.se\/wp-content\/uploads\/2025\/11\/vardagsrum.jpg 1920w\" sizes=\"auto, (max-width: 1024px) 100vw, 1024px\" \/><\/figure>\n<\/figure>\n\n\n\n<p><\/p>\n","protected":false},"excerpt":{"rendered":"<p>Bolagets ambition med L\u00e4rkans boende \u00e4r att anv\u00e4nda oss av \u00e5terbrukande material, d\u00e4rav \u00e4r boendet byggt p\u00e5 moduler och har en boendearea p\u00e5 ca 400 kvm. Boendet har fyra anpassade barn\/ungdoms rum, varje rum har tv\u00e5 normal stora rum och en egen toalett med dusch. Rummen \u00e4r bredvid vardagsrummet och personalrummet. K\u00f6ket \u00e4r rymligt och [&hellip;]<\/p>\n","protected":false},"author":1,"featured_media":0,"parent":0,"menu_order":0,"comment_status":"closed","ping_status":"closed","template":"","meta":{"footnotes":""},"class_list":["post-47","page","type-page","status-publish","hentry"],"_links":{"self":[{"href":"https:\/\/www.dengodaviljan.se\/index.php\/wp-json\/wp\/v2\/pages\/47","targetHints":{"allow":["GET"]}}],"collection":[{"href":"https:\/\/www.dengodaviljan.se\/index.php\/wp-json\/wp\/v2\/pages"}],"about":[{"href":"https:\/\/www.dengodaviljan.se\/index.php\/wp-json\/wp\/v2\/types\/page"}],"author":[{"embeddable":true,"href":"https:\/\/www.dengodaviljan.se\/index.php\/wp-json\/wp\/v2\/users\/1"}],"replies":[{"embeddable":true,"href":"https:\/\/www.dengodaviljan.se\/index.php\/wp-json\/wp\/v2\/comments?post=47"}],"version-history":[{"count":3,"href":"https:\/\/www.dengodaviljan.se\/index.php\/wp-json\/wp\/v2\/pages\/47\/revisions"}],"predecessor-version":[{"id":103,"href":"https:\/\/www.dengodaviljan.se\/index.php\/wp-json\/wp\/v2\/pages\/47\/revisions\/103"}],"wp:attachment":[{"href":"https:\/\/www.dengodaviljan.se\/index.php\/wp-json\/wp\/v2\/media?parent=47"}],"curies":[{"name":"wp","href":"https:\/\/api.w.org\/{rel}","templated":true}]}}