{"id":3,"date":"2025-07-09T13:13:13","date_gmt":"2025-07-09T13:13:13","guid":{"rendered":"http:\/\/www.dengodaviljan.se\/?page_id=3"},"modified":"2025-11-20T15:47:15","modified_gmt":"2025-11-20T14:47:15","slug":"privacy-policy","status":"publish","type":"page","link":"https:\/\/www.dengodaviljan.se\/index.php\/privacy-policy\/","title":{"rendered":"Integritetspolicy"},"content":{"rendered":"\n<p><\/p>\n\n\n\n<p><\/p>\n\n\n\n<p><strong>S\u00e5 h\u00e4r hanterar Den goda viljan AB dina personuppgifter<\/strong><\/p>\n\n\n\n<p>Den goda viljan AB v\u00e4rnar om din personliga integritet, men f\u00f6r att kunna utf\u00f6ra v\u00e5ra tj\u00e4nster till dig s\u00e5 beh\u00f6ver vi behandla dina personuppgifter. Vi s\u00e4ljer inte dina uppgifter till annan part eller samlar inte in mer uppgift \u00e4n vad som beh\u00f6vs.<\/p>\n\n\n\n<p><\/p>\n\n\n\n<p><strong>Vilka personuppgifter behandlar vi och varf\u00f6r?<\/strong><br>Vilka: Namn, personnummer, adress, mailadress, telefonnummer, cv, personligt brev.<\/p>\n\n\n\n<p>Varf\u00f6r: Vi beh\u00f6ver dina uppgifter f\u00f6r att kunna genomf\u00f6ra rekryteringsprocessen och kvalitetss\u00e4kra dessa. Vi beh\u00f6ver dem f\u00f6r att kunna kontakta dig, ha de som ett underlag i kontakten till din referensgivare, och slutligen anv\u00e4nder vi de i anst\u00e4llningsprocessen.<\/p>\n\n\n\n<p><\/p>\n\n\n\n<p><strong>Hur behandlar vi personuppgifterna?<\/strong><br>N\u00e4r du v\u00e4ljer att s\u00f6ka en tj\u00e4nst hos oss s\u00e5 samlar vi in dina personuppgifter som ett underlag f\u00f6r denna process.<\/p>\n\n\n\n<p><strong>Vilken laglig grund finns?<\/strong><br>Utifr\u00e5n ditt samtycke s\u00e5 behandlar vi dina uppgifter.<\/p>\n\n\n\n<p><strong>Vilken laglig grund finns?&nbsp;<\/strong><br>Som arbetss\u00f6kande behandlar vi dina uppgifter utifr\u00e5n ditt samtycke. Uppgifter om rekryterande personal i koncernen behandlas utifr\u00e5n organisationens ber\u00e4ttigade intresse av en effektiv rekryteringsprocess.<\/p>\n\n\n\n<p><strong>Vilka tar del av uppgifterna?&nbsp;<\/strong><br>Det \u00e4r rekryterings ansvariga personal inom Den goda viljan AB som f\u00e5r tillg\u00e5ng till dina uppgifter.<\/p>\n\n\n\n<p><strong>Hur l\u00e4nge sparar vi dina personuppgifter?<\/strong><br>Vi sparar data s\u00e5 l\u00e4nge som det \u00e4r n\u00f6dv\u00e4ndigt f\u00f6r att utf\u00f6ra v\u00e5ra avtalade \u00e5tagande gentemot dig och s\u00e5 l\u00e4nge det kr\u00e4vs enligt lagstadgade lagringstider.<\/p>\n\n\n\n<p><strong>Dina r\u00e4ttigheter som kund<\/strong><\/p>\n\n\n\n<ul class=\"wp-block-list\">\n<li>Kopia av dina personuppgifter<\/li>\n\n\n\n<li>Verifiera den information vi har f\u00e5tt kring dig<\/li>\n\n\n\n<li>R\u00e4tt till att korrigera felaktig eller inte komplett information om dig sj\u00e4lv<\/li>\n\n\n\n<li>Radering av dina personuppgifter, bortsett fr\u00e5n att den inte \u00e4r n\u00f6dv\u00e4ndig f\u00f6r de syfte den \u00e4r insamlad f\u00f6r.<\/li>\n<\/ul>\n\n\n\n<p><strong>\u00c4ndring av intigritetspolicyn<\/strong><br>Vid eventuell uppdatering av denna policy s\u00e5 meddelas detta p\u00e5 <a href=\"http:\/\/www.dengodaviljan.com\">www.dengodaviljan.com<\/a><br>Har du n\u00e5gra fr\u00e5gor om v\u00e5r intigretespolicy kan du alltid kontakta oss p\u00e5\u00a0<a href=\"mailto:info@dengodaviljan.se\">info@dengodaviljan.se<\/a><\/p>\n\n\n\n<p>Personuppgiftsansvarig \u00e4r:<\/p>\n\n\n\n<p>Den goda viljan AB<br>Ryadalsv\u00e4gen 187<br>275 71 L\u00f6vestad<br>E-post: <a href=\"mailto:info@dengodaviljan.se\">info@dengodaviljan.se<\/a><\/p>\n","protected":false},"excerpt":{"rendered":"<p>S\u00e5 h\u00e4r hanterar Den goda viljan AB dina personuppgifter Den goda viljan AB v\u00e4rnar om din personliga integritet, men f\u00f6r att kunna utf\u00f6ra v\u00e5ra tj\u00e4nster till dig s\u00e5 beh\u00f6ver vi behandla dina personuppgifter. Vi s\u00e4ljer inte dina uppgifter till annan part eller samlar inte in mer uppgift \u00e4n vad som beh\u00f6vs. Vilka personuppgifter behandlar vi [&hellip;]<\/p>\n","protected":false},"author":1,"featured_media":0,"parent":0,"menu_order":0,"comment_status":"closed","ping_status":"open","template":"","meta":{"footnotes":""},"class_list":["post-3","page","type-page","status-publish","hentry"],"_links":{"self":[{"href":"https:\/\/www.dengodaviljan.se\/index.php\/wp-json\/wp\/v2\/pages\/3","targetHints":{"allow":["GET"]}}],"collection":[{"href":"https:\/\/www.dengodaviljan.se\/index.php\/wp-json\/wp\/v2\/pages"}],"about":[{"href":"https:\/\/www.dengodaviljan.se\/index.php\/wp-json\/wp\/v2\/types\/page"}],"author":[{"embeddable":true,"href":"https:\/\/www.dengodaviljan.se\/index.php\/wp-json\/wp\/v2\/users\/1"}],"replies":[{"embeddable":true,"href":"https:\/\/www.dengodaviljan.se\/index.php\/wp-json\/wp\/v2\/comments?post=3"}],"version-history":[{"count":1,"href":"https:\/\/www.dengodaviljan.se\/index.php\/wp-json\/wp\/v2\/pages\/3\/revisions"}],"predecessor-version":[{"id":93,"href":"https:\/\/www.dengodaviljan.se\/index.php\/wp-json\/wp\/v2\/pages\/3\/revisions\/93"}],"wp:attachment":[{"href":"https:\/\/www.dengodaviljan.se\/index.php\/wp-json\/wp\/v2\/media?parent=3"}],"curies":[{"name":"wp","href":"https:\/\/api.w.org\/{rel}","templated":true}]}}