{"id":27,"date":"2025-11-03T13:50:05","date_gmt":"2025-11-03T12:50:05","guid":{"rendered":"https:\/\/www.dengodaviljan.se\/?page_id=27"},"modified":"2025-11-03T14:35:04","modified_gmt":"2025-11-03T13:35:04","slug":"om-oss","status":"publish","type":"page","link":"https:\/\/www.dengodaviljan.se\/index.php\/om-oss\/","title":{"rendered":"Om oss"},"content":{"rendered":"\n<p>Den goda viljan startade 2025 med visionen att utveckla, st\u00f6dja och hj\u00e4lpa barn och ungdomar till en fungerande vardag.<\/p>\n\n\n\n<p>V\u00e5r id\u00e9 kom v\u00e5ren 2022 att vi tre systrar ville skapa n\u00e5got tillsammans. Varmt om hj\u00e4rtat ligger barns alla lika v\u00e4rden och med olika utbildningar och arbetserfarenhet s\u00e5 l\u00e5g LSS verksamheter oss n\u00e4rmst.<\/p>\n\n\n\n<p>Med familjef\u00f6retag i bakgrund s\u00e5 m\u00f6jliggjordes att bygga v\u00e5rt eget och v\u00e4lplanerade boende. I augusti 2025 stod boendet f\u00e4rdigt och vi kunde \u00e4ntligen flytta in.&nbsp;<\/p>\n\n\n\n<p><\/p>\n\n\n\n<p><\/p>\n\n\n\n<p><\/p>\n\n\n\n<div class=\"wp-block-superb-addons-google-maps\"><div class=\"superbaddons-google-maps-block\" style=\"border-radius:0%;height:300px\"><iframe loading=\"lazy\" width=\"100%\" height=\"300px\" frameborder=\"0\" margin=\"0\" padding=\"0\" referrerpolicy=\"no-referrer-when-downgrade\" src=\"https:\/\/maps.google.com\/maps?width=100%&amp;height=100%&amp;q=L\u00e4rkvingegr\u00e4nd 1&amp;t=&amp;z=9&amp;hl=sv&amp;ie=UTF8&amp;iwloc=B&amp;output=embed\"><\/iframe><\/div><\/div>\n","protected":false},"excerpt":{"rendered":"<p>Den goda viljan startade 2025 med visionen att utveckla, st\u00f6dja och hj\u00e4lpa barn och ungdomar till en fungerande vardag. V\u00e5r id\u00e9 kom v\u00e5ren 2022 att vi tre systrar ville skapa n\u00e5got tillsammans. Varmt om hj\u00e4rtat ligger barns alla lika v\u00e4rden och med olika utbildningar och arbetserfarenhet s\u00e5 l\u00e5g LSS verksamheter oss n\u00e4rmst. Med familjef\u00f6retag i [&hellip;]<\/p>\n","protected":false},"author":1,"featured_media":0,"parent":0,"menu_order":0,"comment_status":"closed","ping_status":"closed","template":"","meta":{"footnotes":""},"class_list":["post-27","page","type-page","status-publish","hentry"],"_links":{"self":[{"href":"https:\/\/www.dengodaviljan.se\/index.php\/wp-json\/wp\/v2\/pages\/27","targetHints":{"allow":["GET"]}}],"collection":[{"href":"https:\/\/www.dengodaviljan.se\/index.php\/wp-json\/wp\/v2\/pages"}],"about":[{"href":"https:\/\/www.dengodaviljan.se\/index.php\/wp-json\/wp\/v2\/types\/page"}],"author":[{"embeddable":true,"href":"https:\/\/www.dengodaviljan.se\/index.php\/wp-json\/wp\/v2\/users\/1"}],"replies":[{"embeddable":true,"href":"https:\/\/www.dengodaviljan.se\/index.php\/wp-json\/wp\/v2\/comments?post=27"}],"version-history":[{"count":3,"href":"https:\/\/www.dengodaviljan.se\/index.php\/wp-json\/wp\/v2\/pages\/27\/revisions"}],"predecessor-version":[{"id":57,"href":"https:\/\/www.dengodaviljan.se\/index.php\/wp-json\/wp\/v2\/pages\/27\/revisions\/57"}],"wp:attachment":[{"href":"https:\/\/www.dengodaviljan.se\/index.php\/wp-json\/wp\/v2\/media?parent=27"}],"curies":[{"name":"wp","href":"https:\/\/api.w.org\/{rel}","templated":true}]}}