{"id":123,"date":"2026-02-20T10:19:10","date_gmt":"2026-02-20T09:19:10","guid":{"rendered":"https:\/\/www.dengodaviljan.se\/?page_id=123"},"modified":"2026-02-20T10:19:10","modified_gmt":"2026-02-20T09:19:10","slug":"stodpedagog","status":"publish","type":"page","link":"https:\/\/www.dengodaviljan.se\/index.php\/stodpedagog\/","title":{"rendered":"St\u00f6dpedagog"},"content":{"rendered":"\n<p>Vill du g\u00f6ra verklig skillnad i m\u00e4nniskors liv och samtidigt arbeta i en verksamhet d\u00e4r<br>engagemang, kvalitet och respekt st\u00e5r i centrum?<br>Den goda viljan s\u00f6ker nu en erfaren st\u00f6dpedagog inom LSS till v\u00e5r verksamhet i L\u00f6vestad.<\/p>\n\n\n\n<h2 class=\"wp-block-heading\">Om tj\u00e4nsten<\/h2>\n\n\n\n<p>Hos oss p\u00e5 Den goda viljan har du som st\u00f6dpedagog en central roll att s\u00e4kerst\u00e4lla h\u00f6g<br>kvalitet i det pedagogiska arbetet och i st\u00f6det till barnen\/ungdomarna, i n\u00e4ra samarbete<br>med \u00f6vriga personal och ledning.<\/p>\n\n\n\n<h2 class=\"wp-block-heading\">Arbetsuppgifter<\/h2>\n\n\n\n<ul class=\"wp-block-list\">\n<li>Arbeta pedagogiskt utifr\u00e5n LSS och g\u00e4llande styrdokument<\/li>\n\n\n\n<li>St\u00f6dja och v\u00e4gleda barnen\/ungdomarna i deras vardag f\u00f6r \u00f6kad sj\u00e4lvst\u00e4ndighet och<br>livskvalitet<\/li>\n\n\n\n<li>Ansvara f\u00f6r och utveckla pedagogiska metoder, arbetss\u00e4tt och dokumentation<\/li>\n\n\n\n<li>Medverka i genomf\u00f6randeplaner, uppf\u00f6ljningar och kvalitetss\u00e4kring<\/li>\n<\/ul>\n\n\n\n<h2 class=\"wp-block-heading\">Kvalifikationer<\/h2>\n\n\n\n<p>Vi s\u00f6ker dig som:<\/p>\n\n\n\n<ul class=\"wp-block-list\">\n<li>Har en eftergymnasial YH utbildning till St\u00f6dpedagog om 200 YH po\u00e4ng alternativt 60 h\u00f6gskolepo\u00e4ng inom aktuellt omr\u00e5de<\/li>\n\n\n\n<li>Minst tv\u00e5 \u00e5rs erfarenhet av arbete som st\u00f6dpedagog inom LSS<\/li>\n\n\n\n<li>Har god kunskap om LSS, l\u00e5gaffektivt bem\u00f6tande, hot och v\u00e5ldssituationer samt pedagogiska f\u00f6rh\u00e5llningss\u00e4tt<\/li>\n\n\n\n<li>Har goda kunskaper i svenska, b\u00e5de i tal och skrift<\/li>\n\n\n\n<li>\u00c4r trygg, ansvarstagande och har ett genuint engagemang f\u00f6r m\u00e5lgruppen.<\/li>\n\n\n\n<li>Personlig l\u00e4mplighet \u00e4r ett krav och kommer att tillm\u00e4tas stor betydelse vid anst\u00e4llning<\/li>\n\n\n\n<li>B-k\u00f6rkort \u2013 manuell bil.<\/li>\n<\/ul>\n\n\n\n<h2 class=\"wp-block-heading\">Vi erbjuder<\/h2>\n\n\n\n<ul class=\"wp-block-list\">\n<li>Ett meningsfullt arbete d\u00e4r du g\u00f6r skillnad varje dag<\/li>\n\n\n\n<li>En engagerad arbetsgivare med fokus p\u00e5 kvalitet och utveckling<\/li>\n\n\n\n<li>Ett n\u00e4ra samarbete i ett trygg och professionellt team<\/li>\n\n\n\n<li>M\u00f6jlighet att p\u00e5verka och utveckla det pedagogiska arbetet i verksamheten<\/li>\n<\/ul>\n\n\n\n<h2 class=\"wp-block-heading\">Meriterande<\/h2>\n\n\n\n<ul class=\"wp-block-list\">\n<li>Utbildningar eller kurser som \u00e4r g\u00e4llande verksamhetens m\u00e5lgrupp<\/li>\n\n\n\n<li>Baskunskaper i IBIC<\/li>\n\n\n\n<li>Erfarenhet av dokumentation i journalsystem<\/li>\n<\/ul>\n\n\n\n<h2 class=\"wp-block-heading\">Information om tj\u00e4nsterna<\/h2>\n\n\n\n<ul class=\"wp-block-list\">\n<li>Placering: L\u00f6vestad<\/li>\n\n\n\n<li>Omfattning: Ca 70\u201375%<\/li>\n\n\n\n<li>Arbetstid: Dag, kv\u00e4ll, helg och sovande natt<\/li>\n\n\n\n<li>Anst\u00e4llningsform: Tillsvidareanst\u00e4llning med 6 m\u00e5naders provanst\u00e4llning<\/li>\n\n\n\n<li>Startdatum: Enligt \u00f6verenskommelse<\/li>\n\n\n\n<li>Antal tj\u00e4nster: 1<\/li>\n<\/ul>\n\n\n\n<h2 class=\"wp-block-heading\">Information om rekryteringsprocessen<\/h2>\n\n\n\n<p>I enlighet med Socialn\u00e4mndens beslut kr\u00e4vs ett utdrag fr\u00e5n Polismyndighetens belastnings- och misstankeregister i samband med anst\u00e4llning. Du hittar blanketten via\u00a0<a href=\"https:\/\/polisen.se\/tjanster-tillstand\/belastningsregistret\/barn-med-funktionsnedsattning\/\">Barn med funktionsneds\u00e4ttning, e-tj\u00e4nst | Polismyndigheten<\/a>. F\u00f6r att underl\u00e4tta rekryteringsprocessen b\u00f6r du direkt i samband med din ans\u00f6kan beg\u00e4ra utdraget.<\/p>\n\n\n\n<p>Varmt v\u00e4lkommen med din ans\u00f6kan senast 11 mars 2026.<br>Urval sker l\u00f6pande, vilket inneb\u00e4r att tj\u00e4nsten kan komma att tills\u00e4ttas innan sista ans\u00f6kningsdatum.<\/p>\n\n\n\n<p><strong>Kontaktperson<\/strong><br>Josefin Nilsson, F\u00f6rest\u00e5ndare<br><br>\ud83d\udce7 Josefin.nilsson@dengodaviljan.se<br>\ud83d\udcde 073- 366 46 78<\/p>\n","protected":false},"excerpt":{"rendered":"<p>Vill du g\u00f6ra verklig skillnad i m\u00e4nniskors liv och samtidigt arbeta i en verksamhet d\u00e4rengagemang, kvalitet och respekt st\u00e5r i centrum?Den goda viljan s\u00f6ker nu en erfaren st\u00f6dpedagog inom LSS till v\u00e5r verksamhet i L\u00f6vestad. Om tj\u00e4nsten Hos oss p\u00e5 Den goda viljan har du som st\u00f6dpedagog en central roll att s\u00e4kerst\u00e4lla h\u00f6gkvalitet i det [&hellip;]<\/p>\n","protected":false},"author":1,"featured_media":0,"parent":0,"menu_order":0,"comment_status":"closed","ping_status":"closed","template":"","meta":{"footnotes":""},"class_list":["post-123","page","type-page","status-publish","hentry"],"_links":{"self":[{"href":"https:\/\/www.dengodaviljan.se\/index.php\/wp-json\/wp\/v2\/pages\/123","targetHints":{"allow":["GET"]}}],"collection":[{"href":"https:\/\/www.dengodaviljan.se\/index.php\/wp-json\/wp\/v2\/pages"}],"about":[{"href":"https:\/\/www.dengodaviljan.se\/index.php\/wp-json\/wp\/v2\/types\/page"}],"author":[{"embeddable":true,"href":"https:\/\/www.dengodaviljan.se\/index.php\/wp-json\/wp\/v2\/users\/1"}],"replies":[{"embeddable":true,"href":"https:\/\/www.dengodaviljan.se\/index.php\/wp-json\/wp\/v2\/comments?post=123"}],"version-history":[{"count":1,"href":"https:\/\/www.dengodaviljan.se\/index.php\/wp-json\/wp\/v2\/pages\/123\/revisions"}],"predecessor-version":[{"id":124,"href":"https:\/\/www.dengodaviljan.se\/index.php\/wp-json\/wp\/v2\/pages\/123\/revisions\/124"}],"wp:attachment":[{"href":"https:\/\/www.dengodaviljan.se\/index.php\/wp-json\/wp\/v2\/media?parent=123"}],"curies":[{"name":"wp","href":"https:\/\/api.w.org\/{rel}","templated":true}]}}