{"id":119,"date":"2026-02-20T10:13:54","date_gmt":"2026-02-20T09:13:54","guid":{"rendered":"https:\/\/www.dengodaviljan.se\/?page_id=119"},"modified":"2026-02-20T10:13:54","modified_gmt":"2026-02-20T09:13:54","slug":"omsorgspersonal","status":"publish","type":"page","link":"https:\/\/www.dengodaviljan.se\/index.php\/omsorgspersonal\/","title":{"rendered":"Omsorgspersonal"},"content":{"rendered":"\n<p>Vill du g\u00f6ra verklig skillnad i m\u00e4nniskors liv och samtidigt arbeta i en verksamhet d\u00e4r<br>engagemang, kvalitet och respekt st\u00e5r i centrum?<br>Den goda viljan s\u00f6ker nu en erfaren omsorgspersonal inom LSS till v\u00e5r verksamhet i<br>L\u00f6vestad<\/p>\n\n\n\n<h2 class=\"wp-block-heading\">Om tj\u00e4nsten<\/h2>\n\n\n\n<p>Hos oss p\u00e5 Den goda viljan har du som omsorgspersonal en viktig och n\u00e4ra roll med v\u00e5ra<br>barn\/ungdomarna. Du arbetar f\u00f6r att ge st\u00f6d i vardagen utifr\u00e5n deras individuella behov,<br>\u00f6nskem\u00e5l och f\u00f6ruts\u00e4ttningar. Du \u00e4r en viktig del av teamet och bidrar till trygghet, struktur<br>och livskvalitet.<\/p>\n\n\n\n<h2 class=\"wp-block-heading\">Arbetsuppgifter<\/h2>\n\n\n\n<ul class=\"wp-block-list\">\n<li>Ge st\u00f6d och omsorg i det dagliga livet enligt LSS<\/li>\n\n\n\n<li>Arbeta med socialt st\u00f6d, omv\u00e5rdnad och aktiviteter<\/li>\n\n\n\n<li>St\u00f6dja barn\/ungdomar till \u00f6kad sj\u00e4lvst\u00e4ndighet och delaktighet<\/li>\n\n\n\n<li>Arbeta utifr\u00e5n genomf\u00f6randeplaner och dokumentera enligt g\u00e4llande rutiner<\/li>\n\n\n\n<li>Samverka med kollegor och bidra till ett gott arbetsklimat<\/li>\n<\/ul>\n\n\n\n<h2 class=\"wp-block-heading\">Kvalifikationer<\/h2>\n\n\n\n<p>Vi s\u00f6ker dig som:<\/p>\n\n\n\n<ul class=\"wp-block-list\">\n<li>Har relevant utbildning, exempelvis socialpedagog, undersk\u00f6terska, barn- och<br>fritidsutbildning eller liknande utbildning,<\/li>\n\n\n\n<li>Har god kunskap om LSS, l\u00e5gaffektivt bem\u00f6tande och pedagogiska f\u00f6rh\u00e5llningss\u00e4tt<\/li>\n\n\n\n<li>Har goda kunskaper i svenska, b\u00e5de i tal och skrift<\/li>\n\n\n\n<li>\u00c4r trygg, ansvarstagande och har ett genuint engagemang f\u00f6r m\u00e5lgruppen.<\/li>\n\n\n\n<li>Personlig l\u00e4mplighet \u00e4r ett krav och kommer att tillm\u00e4tas stor betydelse vid<br>anst\u00e4llning<\/li>\n\n\n\n<li>B-k\u00f6rkort \u2013 manuell bil<\/li>\n<\/ul>\n\n\n\n<h2 class=\"wp-block-heading\">Vi erbjuder<\/h2>\n\n\n\n<ul class=\"wp-block-list\">\n<li>Ett meningsfullt arbete d\u00e4r du g\u00f6r skillnad varje dag<\/li>\n\n\n\n<li>En engagerad arbetsgivare med fokus p\u00e5 kvalitet och utveckling<\/li>\n\n\n\n<li>Introduktion och kontinuerligt st\u00f6d<\/li>\n\n\n\n<li>Ett n\u00e4ra samarbete i ett trygg och professionellt team<\/li>\n\n\n\n<li>Ett gott samarbetsklimat och tydliga arbetss\u00e4tt<\/li>\n<\/ul>\n\n\n\n<h2 class=\"wp-block-heading\">Meriterande<\/h2>\n\n\n\n<ul class=\"wp-block-list\">\n<li>Utbildningar eller kurser som \u00e4r g\u00e4llande verksamhetens m\u00e5lgrupp<\/li>\n\n\n\n<li>Minst tv\u00e5 \u00e5rs erfarenhet av arbete inom LSS verksamheter<\/li>\n\n\n\n<li>Utbildning eller erfarenhet i l\u00e5gaffektivt bem\u00f6tande samt hot- och v\u00e5ldssituationer<\/li>\n\n\n\n<li>Baskunskaper i IBIC<\/li>\n\n\n\n<li>Erfarenhet av dokumentation i journalsystem<\/li>\n<\/ul>\n\n\n\n<h2 class=\"wp-block-heading\">Information om tj\u00e4nsterna<\/h2>\n\n\n\n<ul class=\"wp-block-list\">\n<li>Placering: L\u00f6vestad<\/li>\n\n\n\n<li>Omfattning: Ca 70\u201375%<\/li>\n\n\n\n<li>Arbetstid: Dag, kv\u00e4ll, helg och sovande natt<\/li>\n\n\n\n<li>Anst\u00e4llningsform: Tillsvidareanst\u00e4llning med 6 m\u00e5naders provanst\u00e4llning<\/li>\n\n\n\n<li>Startdatum: Enligt \u00f6verenskommelse<\/li>\n\n\n\n<li>Antal tj\u00e4nster: 1<\/li>\n<\/ul>\n\n\n\n<h2 class=\"wp-block-heading\">Information om rekryteringsprocessen<\/h2>\n\n\n\n<p>I enlighet med Socialn\u00e4mndens beslut kr\u00e4vs ett utdrag fr\u00e5n Polismyndighetens<br>belastnings- och misstankeregister i samband med anst\u00e4llning. <br>Du hittar blanketten via <a href=\"https:\/\/polisen.se\/tjanster-tillstand\/belastningsregistret\/barn-med-funktionsnedsattning\/\">Barn med funktionsneds\u00e4ttning, e-tj\u00e4nst | Polismyndigheten<\/a>. F\u00f6r att underl\u00e4tta rekryteringsprocessen b\u00f6r du direkt i samband med din ans\u00f6kan beg\u00e4ra utdraget.<\/p>\n\n\n\n<p>Varmt v\u00e4lkommen med din ans\u00f6kan senast 11 mars 2026.<br>Urval sker l\u00f6pande, vilket inneb\u00e4r att tj\u00e4nsten kan komma att tills\u00e4ttas innan sista ans\u00f6kningsdatum.<br><\/p>\n\n\n\n<p><strong>Kontaktperson<\/strong><br>Josefin Nilsson, F\u00f6rest\u00e5ndare<br><br>\ud83d\udce7 Josefin.nilsson@dengodaviljan.se<br>\ud83d\udcde 073- 366 46 78<\/p>\n\n\n\n<p><\/p>\n","protected":false},"excerpt":{"rendered":"<p>Vill du g\u00f6ra verklig skillnad i m\u00e4nniskors liv och samtidigt arbeta i en verksamhet d\u00e4rengagemang, kvalitet och respekt st\u00e5r i centrum?Den goda viljan s\u00f6ker nu en erfaren omsorgspersonal inom LSS till v\u00e5r verksamhet iL\u00f6vestad Om tj\u00e4nsten Hos oss p\u00e5 Den goda viljan har du som omsorgspersonal en viktig och n\u00e4ra roll med v\u00e5rabarn\/ungdomarna. Du arbetar [&hellip;]<\/p>\n","protected":false},"author":1,"featured_media":0,"parent":0,"menu_order":0,"comment_status":"closed","ping_status":"closed","template":"","meta":{"footnotes":""},"class_list":["post-119","page","type-page","status-publish","hentry"],"_links":{"self":[{"href":"https:\/\/www.dengodaviljan.se\/index.php\/wp-json\/wp\/v2\/pages\/119","targetHints":{"allow":["GET"]}}],"collection":[{"href":"https:\/\/www.dengodaviljan.se\/index.php\/wp-json\/wp\/v2\/pages"}],"about":[{"href":"https:\/\/www.dengodaviljan.se\/index.php\/wp-json\/wp\/v2\/types\/page"}],"author":[{"embeddable":true,"href":"https:\/\/www.dengodaviljan.se\/index.php\/wp-json\/wp\/v2\/users\/1"}],"replies":[{"embeddable":true,"href":"https:\/\/www.dengodaviljan.se\/index.php\/wp-json\/wp\/v2\/comments?post=119"}],"version-history":[{"count":1,"href":"https:\/\/www.dengodaviljan.se\/index.php\/wp-json\/wp\/v2\/pages\/119\/revisions"}],"predecessor-version":[{"id":120,"href":"https:\/\/www.dengodaviljan.se\/index.php\/wp-json\/wp\/v2\/pages\/119\/revisions\/120"}],"wp:attachment":[{"href":"https:\/\/www.dengodaviljan.se\/index.php\/wp-json\/wp\/v2\/media?parent=119"}],"curies":[{"name":"wp","href":"https:\/\/api.w.org\/{rel}","templated":true}]}}