{"id":117,"date":"2026-02-20T10:08:56","date_gmt":"2026-02-20T09:08:56","guid":{"rendered":"https:\/\/www.dengodaviljan.se\/?page_id=117"},"modified":"2026-02-20T10:44:00","modified_gmt":"2026-02-20T09:44:00","slug":"lediga-tjanster","status":"publish","type":"page","link":"https:\/\/www.dengodaviljan.se\/index.php\/lediga-tjanster\/","title":{"rendered":"Lediga tj\u00e4nster"},"content":{"rendered":"\n<p><strong>G\u00f6r skillnad p\u00e5 riktigt!<\/strong><\/p>\n\n\n\n<p>Hos Den Goda Viljan arbetar vi varje dag f\u00f6r att skapa trygghet, v\u00e4rme och f\u00f6r\u00e4ndring i m\u00e4nniskors liv. Vill du vara med och g\u00f6ra skillnad tillsammans med ett engagerat och omt\u00e4nksamt team? D\u00e5 kan du vara den vi s\u00f6ker.<\/p>\n\n\n\n<p><strong>Information om rekryteringsprocessen<\/strong><br>I enlighet med Socialn\u00e4mndens beslut kr\u00e4vs ett utdrag fr\u00e5n Polismyndighetens belastnings- och misstankeregister i samband med anst\u00e4llning. Du hittar blanketten via <a href=\"https:\/\/polisen.se\/tjanster-tillstand\/belastningsregistret\/barn-med-funktionsnedsattning\/\">Barn med funktionsneds\u00e4ttning, e-tj\u00e4nst | Polismyndigheten<\/a>. F\u00f6r att underl\u00e4tta<br>rekryteringsprocessen b\u00f6r du direkt i samband med din ans\u00f6kan beg\u00e4ra utdraget.<\/p>\n\n\n\n<p>Varmt v\u00e4lkommen med ans\u00f6kan via epost <strong>senast 11 mars 2026<\/strong> till kontaktperson angiven nedan.<br>Urval sker l\u00f6pande, vilket inneb\u00e4r att tj\u00e4nsten kan komma att tills\u00e4ttas innan sista ans\u00f6kningsdatum.<\/p>\n\n\n\n<p><strong>Kontaktperson<\/strong><br>Josefin Nilsson, F\u00f6rest\u00e5ndare<br><br>\ud83d\udce7 Josefin.nilsson@dengodaviljan.se<br>\ud83d\udcde 073- 366 46 78<\/p>\n\n\n\n<p><\/p>\n\n\n\n<h2 class=\"wp-block-heading\">Omsorgspersonal<\/h2>\n\n\n\n<p>Vi s\u00f6ker nu erfaren omsorgspersonal inom LSS till v\u00e5r verksamhet.<br><br><strong>Placering<\/strong>: L\u00f6vestad<br><strong>Omfattning<\/strong>: Ca 70-75%<br><strong>Arbetstid<\/strong>: Dag, kv\u00e4ll, helg, och sovande natt<\/p>\n\n\n\n<p>L\u00e4s mer om tj\u00e4nsten <a href=\"https:\/\/www.dengodaviljan.se\/index.php\/omsorgspersonal\/\"><strong>h\u00e4r<\/strong><\/a>.<\/p>\n\n\n\n<p><\/p>\n\n\n\n<h2 class=\"wp-block-heading\">St\u00f6dpedagog<\/h2>\n\n\n\n<p>Vi s\u00f6ker nu erfaren st\u00f6dpedagog inom LSS till v\u00e5r verksamhet.<br><br><strong>Placering<\/strong>: L\u00f6vestad<br><strong>Omfattning<\/strong>: Ca 70-75%<br><strong>Arbetstid<\/strong>: Dag, kv\u00e4ll, helg, och sovande natt<\/p>\n\n\n\n<p>L\u00e4s mer om tj\u00e4nsten <a href=\"https:\/\/www.dengodaviljan.se\/index.php\/stodpedagog\/\"><strong>h\u00e4r<\/strong><\/a>.<\/p>\n\n\n\n<p><\/p>\n\n\n\n<h2 class=\"wp-block-heading\">Nattarbete<\/h2>\n\n\n\n<p>Vi s\u00f6ker nu erfaren omsorgspersonal f\u00f6r nattarbete inom LSS till v\u00e5r verksamhet.<br><br><strong>Placering<\/strong>: L\u00f6vestad<br><strong>Omfattning<\/strong>: Ca 70% och 55%<br><strong>Arbetstid<\/strong>: Dag, kv\u00e4ll, helg, och sovande natt<\/p>\n\n\n\n<p>L\u00e4s mer om tj\u00e4nsten <a href=\"https:\/\/www.dengodaviljan.se\/index.php\/nattarbete\/\"><strong>h\u00e4r<\/strong><\/a>.<\/p>\n","protected":false},"excerpt":{"rendered":"<p>G\u00f6r skillnad p\u00e5 riktigt! Hos Den Goda Viljan arbetar vi varje dag f\u00f6r att skapa trygghet, v\u00e4rme och f\u00f6r\u00e4ndring i m\u00e4nniskors liv. Vill du vara med och g\u00f6ra skillnad tillsammans med ett engagerat och omt\u00e4nksamt team? D\u00e5 kan du vara den vi s\u00f6ker. Information om rekryteringsprocessenI enlighet med Socialn\u00e4mndens beslut kr\u00e4vs ett utdrag fr\u00e5n Polismyndighetens [&hellip;]<\/p>\n","protected":false},"author":1,"featured_media":0,"parent":0,"menu_order":0,"comment_status":"closed","ping_status":"closed","template":"","meta":{"footnotes":""},"class_list":["post-117","page","type-page","status-publish","hentry"],"_links":{"self":[{"href":"https:\/\/www.dengodaviljan.se\/index.php\/wp-json\/wp\/v2\/pages\/117","targetHints":{"allow":["GET"]}}],"collection":[{"href":"https:\/\/www.dengodaviljan.se\/index.php\/wp-json\/wp\/v2\/pages"}],"about":[{"href":"https:\/\/www.dengodaviljan.se\/index.php\/wp-json\/wp\/v2\/types\/page"}],"author":[{"embeddable":true,"href":"https:\/\/www.dengodaviljan.se\/index.php\/wp-json\/wp\/v2\/users\/1"}],"replies":[{"embeddable":true,"href":"https:\/\/www.dengodaviljan.se\/index.php\/wp-json\/wp\/v2\/comments?post=117"}],"version-history":[{"count":6,"href":"https:\/\/www.dengodaviljan.se\/index.php\/wp-json\/wp\/v2\/pages\/117\/revisions"}],"predecessor-version":[{"id":133,"href":"https:\/\/www.dengodaviljan.se\/index.php\/wp-json\/wp\/v2\/pages\/117\/revisions\/133"}],"wp:attachment":[{"href":"https:\/\/www.dengodaviljan.se\/index.php\/wp-json\/wp\/v2\/media?parent=117"}],"curies":[{"name":"wp","href":"https:\/\/api.w.org\/{rel}","templated":true}]}}